{"id":3356,"date":"2021-09-30T16:32:06","date_gmt":"2021-09-30T16:32:06","guid":{"rendered":"https:\/\/www.systor.org\/wp\/2022\/?page_id=3356"},"modified":"2026-04-21T15:12:35","modified_gmt":"2026-04-21T15:12:35","slug":"program-committee","status":"publish","type":"page","link":"https:\/\/www.systor.org\/2026\/program-committee\/","title":{"rendered":"Program Committee"},"content":{"rendered":"<p>[vc_section][vc_row tm_bgimagefixed=&#8221;&#8221; break_in_responsive=&#8221;991&#8243; tm_zindex=&#8221;2&#8243; full_width=&#8221;stretch_row&#8221; tm_responsive_css=&#8221;60233685|colbreak_no|||||||||colbreak_no|||||55px||25px||colbreak_no||||||||||colbreak_no|||||||||&#8221; css=&#8221;.vc_custom_1626073880162{padding-top: 111px !important;padding-bottom: 0px !important;}&#8221;][vc_column reduce_extra_padding=&#8221;991&#8243; width=&#8221;2\/3&#8243; tm_responsive_css=&#8221;22114509|colbreak_no|||||||||colbreak_no|||||||||colbreak_no||||||||||colbreak_no|||||||||&#8221; css=&#8221;.vc_custom_1626073647852{padding-right: 100px !important;}&#8221;]<section class=\"tm-vc_cta3-container\"><div class=\"tm-vc_general tm-vc_cta3 tm-cta3-only tm-vc_cta3-style-classic tm-vc_cta3-shape-rounded tm-vc_cta3-align-left tm-vc_cta3-color-transparent tm-vc_cta3-icon-size-md tm-cta3-with-desc\"><div class=\"tm-vc_cta3_content-container\"><div class=\"tm-vc_cta3-content\"><header class=\"tm-vc_cta3-content-header tm-wrap\"><div class=\"tm-vc_cta3-headers tm-wrap-cell\"><h4 class=\"tm-custom-heading \" >\/\/ Program Chairs<\/h4>\n<\/div><div class=\"heading-seperator\"><span><\/span><\/div><\/header><div class=\"tm-cta3-content-wrapper\">\n<ul>\n<li><strong>Anand Sivasubramaniam<\/strong>\u00a0(Pennsylvania State University, USA)<\/li>\n<li><strong>Lluis Vilanova\u00a0<\/strong>(Imperial College London, UK)<\/li>\n<\/ul>\n<p><\/div><\/div><\/div><\/div><\/section><section class=\"tm-vc_cta3-container\"><div class=\"tm-vc_general tm-vc_cta3 tm-cta3-only tm-vc_cta3-style-classic tm-vc_cta3-shape-rounded tm-vc_cta3-align-left tm-vc_cta3-color-transparent tm-vc_cta3-icon-size-md tm-cta3-with-desc\"><div class=\"tm-vc_cta3_content-container\"><div class=\"tm-vc_cta3-content\"><header class=\"tm-vc_cta3-content-header tm-wrap\"><div class=\"tm-vc_cta3-headers tm-wrap-cell\"><h4 class=\"tm-custom-heading \" >\/\/ Program Committee<\/h4>\n<\/div><div class=\"heading-seperator\"><span><\/span><\/div><\/header><div class=\"tm-cta3-content-wrapper\"><p><!--StartFragment --><\/p>\n<ul>\n<li>Adithya Kumar (Meta Platforms)<\/li>\n<li>Alireza Sanaee (Cambridge University)<\/li>\n<li>Antonio Barbalace (University of Edinburgh)<\/li>\n<li>Arjun Kashyap (Nvidia)<\/li>\n<li>Assaf Natanzon (Eon)<\/li>\n<li>Avishay Traeger (Red Hat)<\/li>\n<li>Chen Wang (Nanyang Technological University)<\/li>\n<li>Cyan Subhra Mishra (Arm)<\/li>\n<li>Debadatta\u00a0 Mishra (IIT Kanpur)<\/li>\n<li>Haoran Qiu (Microsoft Azure Research)<\/li>\n<li>Javier Gonzalez (Samsung)<\/li>\n<li>Jie Zhang (Zhejiang)<\/li>\n<li>Kevin Hsieh (Microsoft Research)<\/li>\n<li>Lingxiao Ma (Microsoft Research Asia)<\/li>\n<li>Mark Silberstein (Technion \u2013 Israel Institute of Technology)<\/li>\n<li>Michael Giardino (Huawei)<\/li>\n<li>Ming Liu (UW\u2011Madison)<\/li>\n<li>Muli Ben\u2011Yehuda (Hypervisor Technologies)<\/li>\n<li>Nadav Amit (Technion \u2013 Israel Institute of Technology)<\/li>\n<li>Orit Wasserman (Google Cloud)<\/li>\n<li>Orn\u00e0 Agmon Ben\u2011Yehuda (University of Haifa and Nextsilicon)<\/li>\n<li>P\u0131nar T\u00f6z\u00fcn (IT University of Copenhagen)<\/li>\n<li>Pranshu Jain (VMware by Broadcom)<\/li>\n<li>Ramnatthan Alagappan (University of Illinois)<\/li>\n<li>Ravindra Kadiyala (Dell)<\/li>\n<li>Rohan Mehta (Micron)<\/li>\n<li>Roy Nissim (Red Hat AI)<\/li>\n<li>Ruslan Nikolaev (Penn State University)<\/li>\n<li>Sang Hoon-Kim (Ajou University)<\/li>\n<li>Sudarsun Kannan (Rutgers University)<\/li>\n<li>Surbhi Palande (University of British Columbia)<\/li>\n<li>Takahiro Shinagawa (University of Tokyo)<\/li>\n<li>Vivek Shah (Samsung)<\/li>\n<li>Xiaoguang Wang (University of Illinois)<\/li>\n<li>Yifei Liu (Google)<\/li>\n<li>Tue Cheng (University of Virginia)<\/li>\n<li>Zsolt Istv\u00e1n (TU Darmstadt)<\/li>\n<\/ul>\n<p><!--EndFragment --><\/p><\/div><\/div><\/div><\/div><\/section>[vc_empty_space][\/vc_column][vc_column width=&#8221;1\/3&#8243;][\/vc_column][\/vc_row][\/vc_section]<\/p>\n","protected":false},"excerpt":{"rendered":"<p>[vc_section][vc_row tm_bgimagefixed=&#8221;&#8221; break_in_responsive=&#8221;991&#8243; tm_zindex=&#8221;2&#8243; full_width=&#8221;stretch_row&#8221; tm_responsive_css=&#8221;60233685|colbreak_no|||||||||colbreak_no|||||55px||25px||colbreak_no||||||||||colbreak_no|||||||||&#8221; css=&#8221;.vc_custom_1626073880162{padding-top: 111px !important;padding-bottom: 0px !important;}&#8221;][vc_column reduce_extra_padding=&#8221;991&#8243; width=&#8221;2\/3&#8243; tm_responsive_css=&#8221;22114509|colbreak_no|||||||||colbreak_no|||||||||colbreak_no||||||||||colbreak_no|||||||||&#8221; css=&#8221;.vc_custom_1626073647852{padding-right: 100px !important;}&#8221;][vc_empty_space][\/vc_column][vc_column width=&#8221;1\/3&#8243;][\/vc_column][\/vc_row][\/vc_section]<\/p>\n","protected":false},"author":11,"featured_media":0,"parent":0,"menu_order":0,"comment_status":"closed","ping_status":"closed","template":"","meta":{"footnotes":""},"class_list":["post-3356","page","type-page","status-publish","hentry"],"_links":{"self":[{"href":"https:\/\/www.systor.org\/2026\/wp-json\/wp\/v2\/pages\/3356","targetHints":{"allow":["GET"]}}],"collection":[{"href":"https:\/\/www.systor.org\/2026\/wp-json\/wp\/v2\/pages"}],"about":[{"href":"https:\/\/www.systor.org\/2026\/wp-json\/wp\/v2\/types\/page"}],"author":[{"embeddable":true,"href":"https:\/\/www.systor.org\/2026\/wp-json\/wp\/v2\/users\/11"}],"replies":[{"embeddable":true,"href":"https:\/\/www.systor.org\/2026\/wp-json\/wp\/v2\/comments?post=3356"}],"version-history":[{"count":6,"href":"https:\/\/www.systor.org\/2026\/wp-json\/wp\/v2\/pages\/3356\/revisions"}],"predecessor-version":[{"id":5192,"href":"https:\/\/www.systor.org\/2026\/wp-json\/wp\/v2\/pages\/3356\/revisions\/5192"}],"wp:attachment":[{"href":"https:\/\/www.systor.org\/2026\/wp-json\/wp\/v2\/media?parent=3356"}],"curies":[{"name":"wp","href":"https:\/\/api.w.org\/{rel}","templated":true}]}}